{"id":341,"date":"2022-10-19T11:41:05","date_gmt":"2022-10-19T09:41:05","guid":{"rendered":"http:\/\/body-fit-zdf.de\/neue_webseite\/?page_id=341"},"modified":"2022-12-30T11:03:17","modified_gmt":"2022-12-30T10:03:17","slug":"ueber-uns","status":"publish","type":"page","link":"https:\/\/body-fit-zdf.de\/home\/ueber-uns\/","title":{"rendered":"\u00dcber Uns"},"content":{"rendered":"\t\t<div data-elementor-type=\"wp-page\" data-elementor-id=\"341\" class=\"elementor elementor-341\" data-elementor-post-type=\"page\">\n\t\t\t\t\t\t<section class=\"elementor-section elementor-top-section elementor-element elementor-element-ef624b7 elementor-section-content-middle elementor-section-boxed elementor-section-height-default elementor-section-height-default\" data-id=\"ef624b7\" data-element_type=\"section\" data-settings=\"{&quot;background_background&quot;:&quot;classic&quot;}\">\n\t\t\t\t\t\t\t<div class=\"elementor-background-overlay\"><\/div>\n\t\t\t\t\t\t\t<div class=\"elementor-container elementor-column-gap-no\">\n\t\t\t\t\t<div class=\"elementor-column elementor-col-100 elementor-top-column elementor-element elementor-element-d2e5724\" data-id=\"d2e5724\" data-element_type=\"column\">\n\t\t\t<div class=\"elementor-widget-wrap elementor-element-populated\">\n\t\t\t\t\t\t<div class=\"elementor-element elementor-element-9fdad1a elementor-invisible elementor-widget elementor-widget-heading\" data-id=\"9fdad1a\" data-element_type=\"widget\" data-settings=\"{&quot;_animation&quot;:&quot;slideInUp&quot;}\" data-widget_type=\"heading.default\">\n\t\t\t\t<div class=\"elementor-widget-container\">\n\t\t\t\t\t<h4 class=\"elementor-heading-title elementor-size-default\">Unsere Geschichte<\/h4>\t\t\t\t<\/div>\n\t\t\t\t<\/div>\n\t\t\t\t\t<\/div>\n\t\t<\/div>\n\t\t\t\t\t<\/div>\n\t\t<\/section>\n\t\t\t\t<section class=\"elementor-section elementor-top-section elementor-element elementor-element-2d4efc7 elementor-section-boxed elementor-section-height-default elementor-section-height-default\" data-id=\"2d4efc7\" data-element_type=\"section\" data-settings=\"{&quot;background_background&quot;:&quot;classic&quot;}\">\n\t\t\t\t\t\t<div class=\"elementor-container elementor-column-gap-default\">\n\t\t\t\t\t<div class=\"elementor-column elementor-col-100 elementor-top-column elementor-element elementor-element-f52968f\" data-id=\"f52968f\" data-element_type=\"column\">\n\t\t\t<div class=\"elementor-widget-wrap elementor-element-populated\">\n\t\t\t\t\t\t<div class=\"elementor-element elementor-element-4fb5095 elementor-widget elementor-widget-spacer\" data-id=\"4fb5095\" data-element_type=\"widget\" data-widget_type=\"spacer.default\">\n\t\t\t\t<div class=\"elementor-widget-container\">\n\t\t\t\t\t\t\t<div class=\"elementor-spacer\">\n\t\t\t<div class=\"elementor-spacer-inner\"><\/div>\n\t\t<\/div>\n\t\t\t\t\t\t<\/div>\n\t\t\t\t<\/div>\n\t\t\t\t\t<\/div>\n\t\t<\/div>\n\t\t\t\t\t<\/div>\n\t\t<\/section>\n\t\t\t\t<section class=\"elementor-section elementor-top-section elementor-element elementor-element-052c3f1 elementor-section-boxed elementor-section-height-default elementor-section-height-default\" data-id=\"052c3f1\" data-element_type=\"section\" data-settings=\"{&quot;background_background&quot;:&quot;classic&quot;}\">\n\t\t\t\t\t\t<div class=\"elementor-container elementor-column-gap-default\">\n\t\t\t\t\t<div class=\"elementor-column elementor-col-33 elementor-top-column elementor-element elementor-element-3f21e53\" data-id=\"3f21e53\" data-element_type=\"column\">\n\t\t\t<div class=\"elementor-widget-wrap elementor-element-populated\">\n\t\t\t\t\t\t<div class=\"elementor-element elementor-element-4be989d elementor-widget elementor-widget-image\" data-id=\"4be989d\" data-element_type=\"widget\" data-widget_type=\"image.default\">\n\t\t\t\t<div class=\"elementor-widget-container\">\n\t\t\t\t\t\t\t\t\t\t\t\t\t\t\t<img fetchpriority=\"high\" decoding=\"async\" width=\"800\" height=\"548\" src=\"https:\/\/body-fit-zdf.de\/wp-content\/uploads\/2022\/11\/Body-Fit_alt_02-1024x701.jpg\" class=\"attachment-large size-large wp-image-408\" alt=\"\" srcset=\"https:\/\/body-fit-zdf.de\/wp-content\/uploads\/2022\/11\/Body-Fit_alt_02-1024x701.jpg 1024w, https:\/\/body-fit-zdf.de\/wp-content\/uploads\/2022\/11\/Body-Fit_alt_02-300x205.jpg 300w, https:\/\/body-fit-zdf.de\/wp-content\/uploads\/2022\/11\/Body-Fit_alt_02-768x526.jpg 768w, https:\/\/body-fit-zdf.de\/wp-content\/uploads\/2022\/11\/Body-Fit_alt_02-1536x1052.jpg 1536w, https:\/\/body-fit-zdf.de\/wp-content\/uploads\/2022\/11\/Body-Fit_alt_02-2048x1403.jpg 2048w\" sizes=\"(max-width: 800px) 100vw, 800px\" \/>\t\t\t\t\t\t\t\t\t\t\t\t\t\t\t<\/div>\n\t\t\t\t<\/div>\n\t\t\t\t\t<\/div>\n\t\t<\/div>\n\t\t\t\t<div class=\"elementor-column elementor-col-33 elementor-top-column elementor-element elementor-element-96a7be1\" data-id=\"96a7be1\" data-element_type=\"column\">\n\t\t\t<div class=\"elementor-widget-wrap elementor-element-populated\">\n\t\t\t\t\t\t<div class=\"elementor-element elementor-element-1ca8435 elementor-widget elementor-widget-text-editor\" data-id=\"1ca8435\" data-element_type=\"widget\" data-widget_type=\"text-editor.default\">\n\t\t\t\t<div class=\"elementor-widget-container\">\n\t\t\t\t\t\t\t\t\t<p class=\"paragraph_style_1\" style=\"caret-color: #ffffff; color: #ffffff; text-align: left;\">Die Anf\u00e4nge unseres Clubs f\u00fchren zur\u00fcck in das Jahr 1995. Nach dem Bau der Tennishalle hat die derzeitige Vorsitzende Erika Schmitt in den leerstehenden R\u00e4umlichkeiten Aerobic-Kurse, Skigymnastic usw. gehalten.<\/p><p class=\"paragraph_style_1\" style=\"caret-color: #ffffff; color: #ffffff; text-align: left;\">Sehr schnell zeigte sich, da\u00df hier grosser Bedarf in Zapfendorf bestand. Anfang 1996 kamen Kurse f\u00fcr Step, Bodystyling und Fitness f\u00fcr \u00dcbergewichtige hinzu.\u00a0<\/p><p class=\"paragraph_style_1\" style=\"caret-color: #ffffff; color: #ffffff; text-align: left;\">1997 war dann die eigentliche Geburtsstunde unseres Clubs in der jetzigen Form. Die Kurse wurden auf ein festes Stundenprogramm mit monatlichen Mitgliedsbeitr\u00e4gen umgestellt.<\/p><p class=\"paragraph_style_1\" style=\"caret-color: #ffffff; color: #ffffff;\">1998 wurden Spiegel und Sportboden gekauft. In diesem Jahr haben wir uns auch als Fitnessabteilung dem Tennisclub angeschlossen.<\/p><p class=\"paragraph_style_1\" style=\"caret-color: #ffffff; color: #ffffff;\">2000 wurden eine neue Musikanlage und 10 Indoor Bikes angeschafft. Mit dem &#8222;Indoor-Cycling&#8220; konnten wir dann auch einige M\u00e4nner als neue Mitglieder gewinnen. Die Zahl unserer Mitglieder erreichte in dieser Zeit rund 140 Personen<\/p>\t\t\t\t\t\t\t\t<\/div>\n\t\t\t\t<\/div>\n\t\t\t\t\t<\/div>\n\t\t<\/div>\n\t\t\t\t<div class=\"elementor-column elementor-col-33 elementor-top-column elementor-element elementor-element-8060f48\" data-id=\"8060f48\" data-element_type=\"column\">\n\t\t\t<div class=\"elementor-widget-wrap\">\n\t\t\t\t\t\t\t<\/div>\n\t\t<\/div>\n\t\t\t\t\t<\/div>\n\t\t<\/section>\n\t\t\t\t<section class=\"elementor-section elementor-top-section elementor-element elementor-element-9247d2b elementor-section-boxed elementor-section-height-default elementor-section-height-default\" data-id=\"9247d2b\" data-element_type=\"section\" data-settings=\"{&quot;background_background&quot;:&quot;classic&quot;}\">\n\t\t\t\t\t\t<div class=\"elementor-container elementor-column-gap-default\">\n\t\t\t\t\t<div class=\"elementor-column elementor-col-33 elementor-top-column elementor-element elementor-element-2fff810\" data-id=\"2fff810\" data-element_type=\"column\">\n\t\t\t<div class=\"elementor-widget-wrap elementor-element-populated\">\n\t\t\t\t\t\t\t<\/div>\n\t\t<\/div>\n\t\t\t\t<div class=\"elementor-column elementor-col-33 elementor-top-column elementor-element elementor-element-1457665\" data-id=\"1457665\" data-element_type=\"column\">\n\t\t\t<div class=\"elementor-widget-wrap elementor-element-populated\">\n\t\t\t\t\t\t<div class=\"elementor-element elementor-element-2752b4c elementor-widget elementor-widget-text-editor\" data-id=\"2752b4c\" data-element_type=\"widget\" data-widget_type=\"text-editor.default\">\n\t\t\t\t<div class=\"elementor-widget-container\">\n\t\t\t\t\t\t\t\t\t<p class=\"paragraph_style_1\" style=\"caret-color: #ffffff; color: #ffffff;\"><span style=\"font-family: var( --e-global-typography-text-font-family ), Sans-serif; background-color: var( --e-global-color-6f4bdbe ); font-size: 1rem;\">Im Laufe der Jahre wurden weitere Kurse wie Flexi-Fun, Happy Drums, Hip Hop und Zumba in den Kursplan aufgenommen.<\/span><\/p><p class=\"paragraph_style_1\" style=\"caret-color: #ffffff; color: #ffffff;\">Seit dem 1.Juni 2001 sind wir ein selbst\u00e4ndiger Verein, eingetragen beim Registergericht Bamberg als &#8222;e. V.&#8220;.<\/p><p class=\"paragraph_style_1\" style=\"caret-color: #ffffff; color: #ffffff;\">Mitglied beim BLSV sind wir seit dem 1. Januar 2002.<\/p><div dir=\"auto\" style=\"caret-color: #ffffff; color: #ffffff;\">Seitdem sind wir st\u00e4ndig bem\u00fcht, uns den neuesten Fitnesstrends anzupassen.<\/div><div dir=\"auto\" style=\"caret-color: #ffffff; color: #ffffff;\">Durch den Kauf von 11 neuen THOMAHAWK IC 7 Bikes 2015 geh\u00f6rten wir zu den ersten Anbietern in der Region. Der integrierte Radcomputer berechnet individuelle Trainingszonen. Die Herzfrequenz, Kalorienverbrauch und die zur\u00fcckgelegte Strecke lassen sich im Display ablesen. Ein ideales Training f\u00fcr alle.<br \/><br \/><\/div><div dir=\"auto\" style=\"caret-color: #ffffff; color: #ffffff;\">Durch Yogakurse erf\u00fcllen wir die Nachfrage nach Entspannung, Stressabbau und Flexibilit\u00e4t.<\/div><div dir=\"auto\" style=\"caret-color: #ffffff; color: #ffffff;\">\u00a0<\/div><div dir=\"auto\" style=\"caret-color: #ffffff; color: #ffffff;\">Neu im Programm ist STRONG Nation<span style=\"font-family: 'Noto Sans', sans-serif; font-weight: 600; text-align: center; white-space: pre-wrap; background-color: var( --e-global-color-6f4bdbe ); font-size: 1rem;\">\u2122<\/span><span style=\"font-family: var( --e-global-typography-text-font-family ), Sans-serif; background-color: var( --e-global-color-6f4bdbe ); font-size: 1rem;\">\u00a0(HIIT) &#8211; Hochintensives Intervalltraining.<\/span><\/div><div dir=\"auto\" style=\"caret-color: #ffffff; color: #ffffff;\">Zumba\u00ae Kids-Kurse, die regelm\u00e4\u00dfig im Herbst und Fr\u00fchjahr stattfinden, erfreuen sich gro\u00dfer Beliebtheit.\u00a0<\/div>\t\t\t\t\t\t\t\t<\/div>\n\t\t\t\t<\/div>\n\t\t\t\t\t<\/div>\n\t\t<\/div>\n\t\t\t\t<div class=\"elementor-column elementor-col-33 elementor-top-column elementor-element elementor-element-25dfcc3\" data-id=\"25dfcc3\" data-element_type=\"column\">\n\t\t\t<div class=\"elementor-widget-wrap elementor-element-populated\">\n\t\t\t\t\t\t<div class=\"elementor-element elementor-element-5ea7c16 elementor-widget elementor-widget-image\" data-id=\"5ea7c16\" data-element_type=\"widget\" data-widget_type=\"image.default\">\n\t\t\t\t<div class=\"elementor-widget-container\">\n\t\t\t\t\t\t\t\t\t\t\t\t\t\t\t<img decoding=\"async\" width=\"800\" height=\"523\" src=\"https:\/\/body-fit-zdf.de\/wp-content\/uploads\/2022\/11\/Body-Fit_alt_03-1024x669.jpg\" class=\"attachment-large size-large wp-image-409\" alt=\"\" srcset=\"https:\/\/body-fit-zdf.de\/wp-content\/uploads\/2022\/11\/Body-Fit_alt_03-1024x669.jpg 1024w, https:\/\/body-fit-zdf.de\/wp-content\/uploads\/2022\/11\/Body-Fit_alt_03-300x196.jpg 300w, https:\/\/body-fit-zdf.de\/wp-content\/uploads\/2022\/11\/Body-Fit_alt_03-768x502.jpg 768w, https:\/\/body-fit-zdf.de\/wp-content\/uploads\/2022\/11\/Body-Fit_alt_03-1536x1004.jpg 1536w, https:\/\/body-fit-zdf.de\/wp-content\/uploads\/2022\/11\/Body-Fit_alt_03-2048x1339.jpg 2048w\" sizes=\"(max-width: 800px) 100vw, 800px\" \/>\t\t\t\t\t\t\t\t\t\t\t\t\t\t\t<\/div>\n\t\t\t\t<\/div>\n\t\t\t\t\t<\/div>\n\t\t<\/div>\n\t\t\t\t\t<\/div>\n\t\t<\/section>\n\t\t\t\t<section class=\"elementor-section elementor-top-section elementor-element elementor-element-44bc508 elementor-section-boxed elementor-section-height-default elementor-section-height-default\" data-id=\"44bc508\" data-element_type=\"section\" data-settings=\"{&quot;background_background&quot;:&quot;classic&quot;}\">\n\t\t\t\t\t\t<div class=\"elementor-container elementor-column-gap-default\">\n\t\t\t\t\t<div class=\"elementor-column elementor-col-100 elementor-top-column elementor-element elementor-element-15c0967\" data-id=\"15c0967\" data-element_type=\"column\">\n\t\t\t<div class=\"elementor-widget-wrap elementor-element-populated\">\n\t\t\t\t\t\t<div class=\"elementor-element elementor-element-921a219 elementor-widget elementor-widget-spacer\" data-id=\"921a219\" data-element_type=\"widget\" data-widget_type=\"spacer.default\">\n\t\t\t\t<div class=\"elementor-widget-container\">\n\t\t\t\t\t\t\t<div class=\"elementor-spacer\">\n\t\t\t<div class=\"elementor-spacer-inner\"><\/div>\n\t\t<\/div>\n\t\t\t\t\t\t<\/div>\n\t\t\t\t<\/div>\n\t\t\t\t\t<\/div>\n\t\t<\/div>\n\t\t\t\t\t<\/div>\n\t\t<\/section>\n\t\t\t\t<\/div>\n\t\t","protected":false},"excerpt":{"rendered":"<p>Unsere Geschichte Die Anf\u00e4nge unseres Clubs f\u00fchren zur\u00fcck in das Jahr 1995. Nach dem Bau der Tennishalle hat die derzeitige Vorsitzende Erika Schmitt in den leerstehenden R\u00e4umlichkeiten Aerobic-Kurse, Skigymnastic usw. gehalten. Sehr schnell zeigte sich, da\u00df hier grosser Bedarf in Zapfendorf bestand. Anfang 1996 kamen Kurse f\u00fcr Step, Bodystyling und Fitness f\u00fcr \u00dcbergewichtige hinzu.\u00a0 1997 [&hellip;]<\/p>\n","protected":false},"author":1,"featured_media":0,"parent":0,"menu_order":0,"comment_status":"closed","ping_status":"closed","template":"elementor_header_footer","meta":{"footnotes":""},"class_list":["post-341","page","type-page","status-publish","hentry"],"_links":{"self":[{"href":"https:\/\/body-fit-zdf.de\/home\/wp-json\/wp\/v2\/pages\/341","targetHints":{"allow":["GET"]}}],"collection":[{"href":"https:\/\/body-fit-zdf.de\/home\/wp-json\/wp\/v2\/pages"}],"about":[{"href":"https:\/\/body-fit-zdf.de\/home\/wp-json\/wp\/v2\/types\/page"}],"author":[{"embeddable":true,"href":"https:\/\/body-fit-zdf.de\/home\/wp-json\/wp\/v2\/users\/1"}],"replies":[{"embeddable":true,"href":"https:\/\/body-fit-zdf.de\/home\/wp-json\/wp\/v2\/comments?post=341"}],"version-history":[{"count":49,"href":"https:\/\/body-fit-zdf.de\/home\/wp-json\/wp\/v2\/pages\/341\/revisions"}],"predecessor-version":[{"id":954,"href":"https:\/\/body-fit-zdf.de\/home\/wp-json\/wp\/v2\/pages\/341\/revisions\/954"}],"wp:attachment":[{"href":"https:\/\/body-fit-zdf.de\/home\/wp-json\/wp\/v2\/media?parent=341"}],"curies":[{"name":"wp","href":"https:\/\/api.w.org\/{rel}","templated":true}]}}